{"id":161,"date":"2021-12-21T13:01:52","date_gmt":"2021-12-21T12:01:52","guid":{"rendered":"https:\/\/riversea.pl\/?page_id=161"},"modified":"2022-11-03T10:32:07","modified_gmt":"2022-11-03T09:32:07","slug":"polityka-prywatnosci","status":"publish","type":"page","link":"https:\/\/wilczaforrest.pl\/de\/polityka-prywatnosci\/","title":{"rendered":"Polityka Prywatno\u015bci"},"content":{"rendered":"<section id=\"section-2-137\" class=\"ct-section\" style=\"background-image:linear-gradient(rgba(0,0,0,0.4), rgba(0,0,0,0.4)), auto;background-size:auto,  cover;\" ><div class=\"ct-section-inner-wrap\"><div id=\"div_block-54-161\" class=\"ct-div-block hero\" ><h1 id=\"headline-55-161\" class=\"ct-headline hero-title homePage\">Cookies<\/h1><div id=\"text_block-56-161\" class=\"ct-text-block hero-text\" >Polityka Prywatno\u015bci<\/div><\/div><\/div><\/section><section id=\"section-8-137\" class=\"ct-section\" ><div class=\"ct-section-inner-wrap\"><div id=\"div_block-48-161\" class=\"ct-div-block txt\" ><div id=\"text_block-53-161\" class=\"ct-text-block txt\" >1. Cookies, inaczej \u201eciasteczka\u201d to niewielkie informacje tekstowe, wysy\u0142ane przez serwis internetowy i zapisywane na urz\u0105dzeniu U\u017cytkownika. Tworzone s\u0105 przez przegl\u0105dark\u0119 w momencie odwiedzenia danej strony. Mog\u0105 zosta\u0107 wykorzystane przy ponownej wizycie na stronie.<br>Pliki cookies nie s\u0142u\u017c\u0105 do identyfikacji u\u017cytkownik\u00f3w i na ich podstawie nie jest ustalana to\u017csamo\u015b\u0107 U\u017cytkownika.<br><br>2. Stosowane s\u0105 w celu:<br><br>zapami\u0119tania preferencji dotycz\u0105cych strony<br>tworzenia anonimowe statystyki odwiedzin strony<br>tworzenia historii przegl\u0105danych stron.<br><br>Pozwalaj\u0105 realnie oceni\u0107 zainteresowanie serwisem.<br><br>3. Nasz serwis u\u017cywa plik\u00f3w cookie w celu tworzenia anonimowych statystyk odwiedzin serwisu.<br>Informacje zbierane s\u0105 przy pomocy skryptu Google Analytics.<br><br>Nasz serwis nie gromadzi informacji s\u0142u\u017c\u0105cych do ustalenia to\u017csamo\u015bci U\u017cytkownika.<br><br>4. Oprogramowanie s\u0142u\u017c\u0105ce do przegl\u0105dania stron internetowych domy\u015blnie przechowuje pliki cookies w urz\u0105dzeniu ko\u0144cowym u\u017cytkownika. U\u017cytkownicy przegl\u0105darki mog\u0105 zmieni\u0107 ustawienia dotycz\u0105ce plik\u00f3w cookie, tak aby automatycznie blokowa\u0107 obs\u0142ug\u0119 plik\u00f3w cookies.<br>Zmiana ustawie\u0144 mo\u017ce wp\u0142yn\u0105\u0107 na ograniczenie niekt\u00f3rych funkcjonalno\u015bci dost\u0119pnych na stronach serwisu.<br>Pliki cookies mo\u017cna r\u00f3wnie\u017c usun\u0105\u0107 z dysku komputera w dowolnej chwili.<\/div><\/div><\/div><\/section>","protected":false},"excerpt":{"rendered":"","protected":false},"author":3,"featured_media":0,"parent":0,"menu_order":0,"comment_status":"closed","ping_status":"closed","template":"","meta":{"_acf_changed":false,"footnotes":""},"class_list":["post-161","page","type-page","status-publish","hentry"],"acf":[],"yoast_head":"<!-- This site is optimized with the Yoast SEO plugin v25.0 - https:\/\/yoast.com\/wordpress\/plugins\/seo\/ -->\n<title>Polityka Prywatno\u015bci - WilczaForRest - Apartamenty w Karpaczu<\/title>\n<meta name=\"description\" content=\"wilcza for\/rest to dwa nowoczesne obiekty znajduj\u0105ce si\u0119 w najwy\u017cej po\u0142o\u017conej dzielnicy Karpacza \u2013 Wilczej Por\u0119bie. Kameralna okolica, z dala od g\u0142\u00f3wnych ulic, daje mo\u017cliwo\u015b\u0107 wypoczynku i wyciszenia.\" \/>\n<meta name=\"robots\" content=\"noindex, nofollow\" \/>\n<meta property=\"og:locale\" content=\"de_DE\" \/>\n<meta property=\"og:type\" content=\"article\" \/>\n<meta property=\"og:title\" content=\"Polityka Prywatno\u015bci - WilczaForRest - Apartamenty w Karpaczu\" \/>\n<meta property=\"og:description\" content=\"wilcza for\/rest to dwa nowoczesne obiekty znajduj\u0105ce si\u0119 w najwy\u017cej po\u0142o\u017conej dzielnicy Karpacza \u2013 Wilczej Por\u0119bie. Kameralna okolica, z dala od g\u0142\u00f3wnych ulic, daje mo\u017cliwo\u015b\u0107 wypoczynku i wyciszenia.\" \/>\n<meta property=\"og:url\" content=\"https:\/\/wilczaforrest.pl\/de\/polityka-prywatnosci\/\" \/>\n<meta property=\"og:site_name\" content=\"WilczaForRest\" \/>\n<meta property=\"article:modified_time\" content=\"2022-11-03T09:32:07+00:00\" \/>\n<meta name=\"twitter:card\" content=\"summary_large_image\" \/>\n<script type=\"application\/ld+json\" class=\"yoast-schema-graph\">{\"@context\":\"https:\/\/schema.org\",\"@graph\":[{\"@type\":\"WebPage\",\"@id\":\"https:\/\/wilczaforrest.pl\/polityka-prywatnosci\/\",\"url\":\"https:\/\/wilczaforrest.pl\/polityka-prywatnosci\/\",\"name\":\"Polityka Prywatno\u015bci - WilczaForRest - Apartamenty w Karpaczu\",\"isPartOf\":{\"@id\":\"https:\/\/wilczaforrest.pl\/#website\"},\"datePublished\":\"2021-12-21T12:01:52+00:00\",\"dateModified\":\"2022-11-03T09:32:07+00:00\",\"description\":\"wilcza for\/rest to dwa nowoczesne obiekty znajduj\u0105ce si\u0119 w najwy\u017cej po\u0142o\u017conej dzielnicy Karpacza \u2013 Wilczej Por\u0119bie. Kameralna okolica, z dala od g\u0142\u00f3wnych ulic, daje mo\u017cliwo\u015b\u0107 wypoczynku i wyciszenia.\",\"breadcrumb\":{\"@id\":\"https:\/\/wilczaforrest.pl\/polityka-prywatnosci\/#breadcrumb\"},\"inLanguage\":\"de\",\"potentialAction\":[{\"@type\":\"ReadAction\",\"target\":[\"https:\/\/wilczaforrest.pl\/polityka-prywatnosci\/\"]}]},{\"@type\":\"BreadcrumbList\",\"@id\":\"https:\/\/wilczaforrest.pl\/polityka-prywatnosci\/#breadcrumb\",\"itemListElement\":[{\"@type\":\"ListItem\",\"position\":1,\"name\":\"Strona g\u0142\u00f3wna\",\"item\":\"https:\/\/wilczaforrest.pl\/\"},{\"@type\":\"ListItem\",\"position\":2,\"name\":\"Polityka Prywatno\u015bci\"}]},{\"@type\":\"WebSite\",\"@id\":\"https:\/\/wilczaforrest.pl\/#website\",\"url\":\"https:\/\/wilczaforrest.pl\/\",\"name\":\"WilczaForRest\",\"description\":\"Apartamenty w Karpaczu\",\"publisher\":{\"@id\":\"https:\/\/wilczaforrest.pl\/#organization\"},\"potentialAction\":[{\"@type\":\"SearchAction\",\"target\":{\"@type\":\"EntryPoint\",\"urlTemplate\":\"https:\/\/wilczaforrest.pl\/?s={search_term_string}\"},\"query-input\":{\"@type\":\"PropertyValueSpecification\",\"valueRequired\":true,\"valueName\":\"search_term_string\"}}],\"inLanguage\":\"de\"},{\"@type\":\"Organization\",\"@id\":\"https:\/\/wilczaforrest.pl\/#organization\",\"name\":\"WilczaForRest\",\"url\":\"https:\/\/wilczaforrest.pl\/\",\"logo\":{\"@type\":\"ImageObject\",\"inLanguage\":\"de\",\"@id\":\"https:\/\/wilczaforrest.pl\/#\/schema\/logo\/image\/\",\"url\":\"https:\/\/wilczaforrest.pl\/wp-content\/uploads\/2023\/12\/WILCZA_logo_tlo-03-removebg-preview.png\",\"contentUrl\":\"https:\/\/wilczaforrest.pl\/wp-content\/uploads\/2023\/12\/WILCZA_logo_tlo-03-removebg-preview.png\",\"width\":500,\"height\":500,\"caption\":\"WilczaForRest\"},\"image\":{\"@id\":\"https:\/\/wilczaforrest.pl\/#\/schema\/logo\/image\/\"}}]}<\/script>\n<!-- \/ Yoast SEO plugin. -->","yoast_head_json":{"title":"Polityka Prywatno\u015bci - WilczaForRest - Apartamenty w Karpaczu","description":"wilcza for\/rest to dwa nowoczesne obiekty znajduj\u0105ce si\u0119 w najwy\u017cej po\u0142o\u017conej dzielnicy Karpacza \u2013 Wilczej Por\u0119bie. Kameralna okolica, z dala od g\u0142\u00f3wnych ulic, daje mo\u017cliwo\u015b\u0107 wypoczynku i wyciszenia.","robots":{"index":"noindex","follow":"nofollow"},"og_locale":"de_DE","og_type":"article","og_title":"Polityka Prywatno\u015bci - WilczaForRest - Apartamenty w Karpaczu","og_description":"wilcza for\/rest to dwa nowoczesne obiekty znajduj\u0105ce si\u0119 w najwy\u017cej po\u0142o\u017conej dzielnicy Karpacza \u2013 Wilczej Por\u0119bie. Kameralna okolica, z dala od g\u0142\u00f3wnych ulic, daje mo\u017cliwo\u015b\u0107 wypoczynku i wyciszenia.","og_url":"https:\/\/wilczaforrest.pl\/de\/polityka-prywatnosci\/","og_site_name":"WilczaForRest","article_modified_time":"2022-11-03T09:32:07+00:00","twitter_card":"summary_large_image","schema":{"@context":"https:\/\/schema.org","@graph":[{"@type":"WebPage","@id":"https:\/\/wilczaforrest.pl\/polityka-prywatnosci\/","url":"https:\/\/wilczaforrest.pl\/polityka-prywatnosci\/","name":"Polityka Prywatno\u015bci - WilczaForRest - Apartamenty w Karpaczu","isPartOf":{"@id":"https:\/\/wilczaforrest.pl\/#website"},"datePublished":"2021-12-21T12:01:52+00:00","dateModified":"2022-11-03T09:32:07+00:00","description":"wilcza for\/rest to dwa nowoczesne obiekty znajduj\u0105ce si\u0119 w najwy\u017cej po\u0142o\u017conej dzielnicy Karpacza \u2013 Wilczej Por\u0119bie. Kameralna okolica, z dala od g\u0142\u00f3wnych ulic, daje mo\u017cliwo\u015b\u0107 wypoczynku i wyciszenia.","breadcrumb":{"@id":"https:\/\/wilczaforrest.pl\/polityka-prywatnosci\/#breadcrumb"},"inLanguage":"de","potentialAction":[{"@type":"ReadAction","target":["https:\/\/wilczaforrest.pl\/polityka-prywatnosci\/"]}]},{"@type":"BreadcrumbList","@id":"https:\/\/wilczaforrest.pl\/polityka-prywatnosci\/#breadcrumb","itemListElement":[{"@type":"ListItem","position":1,"name":"Strona g\u0142\u00f3wna","item":"https:\/\/wilczaforrest.pl\/"},{"@type":"ListItem","position":2,"name":"Polityka Prywatno\u015bci"}]},{"@type":"WebSite","@id":"https:\/\/wilczaforrest.pl\/#website","url":"https:\/\/wilczaforrest.pl\/","name":"WilczaForRest","description":"Apartamenty w Karpaczu","publisher":{"@id":"https:\/\/wilczaforrest.pl\/#organization"},"potentialAction":[{"@type":"SearchAction","target":{"@type":"EntryPoint","urlTemplate":"https:\/\/wilczaforrest.pl\/?s={search_term_string}"},"query-input":{"@type":"PropertyValueSpecification","valueRequired":true,"valueName":"search_term_string"}}],"inLanguage":"de"},{"@type":"Organization","@id":"https:\/\/wilczaforrest.pl\/#organization","name":"WilczaForRest","url":"https:\/\/wilczaforrest.pl\/","logo":{"@type":"ImageObject","inLanguage":"de","@id":"https:\/\/wilczaforrest.pl\/#\/schema\/logo\/image\/","url":"https:\/\/wilczaforrest.pl\/wp-content\/uploads\/2023\/12\/WILCZA_logo_tlo-03-removebg-preview.png","contentUrl":"https:\/\/wilczaforrest.pl\/wp-content\/uploads\/2023\/12\/WILCZA_logo_tlo-03-removebg-preview.png","width":500,"height":500,"caption":"WilczaForRest"},"image":{"@id":"https:\/\/wilczaforrest.pl\/#\/schema\/logo\/image\/"}}]}},"_links":{"self":[{"href":"https:\/\/wilczaforrest.pl\/de\/wp-json\/wp\/v2\/pages\/161","targetHints":{"allow":["GET"]}}],"collection":[{"href":"https:\/\/wilczaforrest.pl\/de\/wp-json\/wp\/v2\/pages"}],"about":[{"href":"https:\/\/wilczaforrest.pl\/de\/wp-json\/wp\/v2\/types\/page"}],"author":[{"embeddable":true,"href":"https:\/\/wilczaforrest.pl\/de\/wp-json\/wp\/v2\/users\/3"}],"replies":[{"embeddable":true,"href":"https:\/\/wilczaforrest.pl\/de\/wp-json\/wp\/v2\/comments?post=161"}],"version-history":[{"count":4,"href":"https:\/\/wilczaforrest.pl\/de\/wp-json\/wp\/v2\/pages\/161\/revisions"}],"predecessor-version":[{"id":653,"href":"https:\/\/wilczaforrest.pl\/de\/wp-json\/wp\/v2\/pages\/161\/revisions\/653"}],"wp:attachment":[{"href":"https:\/\/wilczaforrest.pl\/de\/wp-json\/wp\/v2\/media?parent=161"}],"curies":[{"name":"wp","href":"https:\/\/api.w.org\/{rel}","templated":true}]}}