{"id":416,"date":"2022-02-02T10:36:34","date_gmt":"2022-02-02T09:36:34","guid":{"rendered":"https:\/\/riversea.pl\/?page_id=416"},"modified":"2023-12-20T10:19:10","modified_gmt":"2023-12-20T09:19:10","slug":"karpacz","status":"publish","type":"page","link":"https:\/\/wilczaforrest.pl\/en\/karpacz\/","title":{"rendered":"Karpacz"},"content":{"rendered":"<div id=\"div_block-909-416\" class=\"ct-div-block\" ><div id=\"div_block-910-416\" class=\"ct-div-block moving-top\" ><\/div><\/div><section id=\"section-745-416\" class=\"ct-section column\" ><div class=\"ct-section-inner-wrap\"><div id=\"div_block-746-416\" class=\"ct-div-block middle-wrapper\" ><div id=\"text_block-860-416\" class=\"ct-text-block\" >\u2500 nasza okolica \u2500<br><\/div><div id=\"text_block-748-416\" class=\"ct-text-block title center\" >Karpacz<\/div><div id=\"text_block-749-416\" class=\"ct-text-block text m-t-2 center\" >Karpacz, po\u0142o\u017cony w sercu malowniczych Karkonoszy, to prawdziwy klejnot w koronie polskich g\u00f3rskich kurort\u00f3w. Ta urokliwa miejscowo\u015b\u0107, otoczona majestatycznymi szczytami i g\u0119stymi lasami, stanowi idealne miejsce zar\u00f3wno dla mi\u0142o\u015bnik\u00f3w aktywnego wypoczynku, jak i tych, kt\u00f3rzy szukaj\u0105 spokoju oraz kontaktu z natur\u0105.<\/div><\/div><\/div><\/section><section id=\"section-750-416\" class=\"ct-section section row-sb\" ><div class=\"ct-section-inner-wrap\"><div id=\"div_block-808-416\" class=\"ct-div-block\" ><div id=\"_dynamic_list-751-416\" class=\"oxy-dynamic-list attraction-list\"><div id=\"div_block-752-416-1\" class=\"ct-div-block row-sb\" data-id=\"div_block-752-416\"><div id=\"div_block-753-416-1\" class=\"ct-div-block section__text\" data-id=\"div_block-753-416\"><div id=\"text_block-754-416-1\" class=\"ct-text-block title center\" data-id=\"text_block-754-416\"><span id=\"span-755-416\" class=\"ct-span\" >\u015awi\u0105tynia Wang<\/span><br><\/div><div id=\"text_block-756-416-1\" class=\"ct-text-block text m-t-2 center\" data-id=\"text_block-756-416\"><span id=\"span-757-416\" class=\"ct-span\" >To unikatowa, \u015bredniowieczna drewniana \u015bwi\u0105tynia, przeniesiona z Norwegii w XIX wieku. Jest to jeden z najbardziej rozpoznawalnych symboli Karpacza i wyj\u0105tkowe miejsce pod wzgl\u0119dem historycznym i architektonicznym.<\/span><br><\/div><\/div><div id=\"div_block-758-416-1\" class=\"ct-div-block section__image\" data-id=\"div_block-758-416\"><img decoding=\"async\" id=\"image-759-416-1\" alt=\"\" src=\"https:\/\/wilczaforrest.pl\/wp-content\/uploads\/2023\/12\/nr-2.jpg\" class=\"ct-image cover-image\" data-id=\"image-759-416\"><\/div><\/div><div id=\"div_block-752-416-2\" class=\"ct-div-block row-sb\" data-id=\"div_block-752-416\"><div id=\"div_block-753-416-2\" class=\"ct-div-block section__text\" data-id=\"div_block-753-416\"><div id=\"text_block-754-416-2\" class=\"ct-text-block title center\" data-id=\"text_block-754-416\"><span id=\"span-755-416\" class=\"ct-span\" >Karkonoski Park Narodowy<\/span><br><\/div><div id=\"text_block-756-416-2\" class=\"ct-text-block text m-t-2 center\" data-id=\"text_block-756-416\"><span id=\"span-757-416\" class=\"ct-span\" >Obejmuje wi\u0119ksz\u0105 cz\u0119\u015b\u0107 polskiej cz\u0119\u015bci Karkonoszy. To idealne miejsce do pieszych w\u0119dr\u00f3wek, z malowniczymi szlakami i bogactwem flory i fauny.<\/span><br><\/div><\/div><div id=\"div_block-758-416-2\" class=\"ct-div-block section__image\" data-id=\"div_block-758-416\"><img decoding=\"async\" id=\"image-759-416-2\" alt=\"\" src=\"https:\/\/wilczaforrest.pl\/wp-content\/uploads\/2023\/12\/nr-1.jpg\" class=\"ct-image cover-image\" data-id=\"image-759-416\"><\/div><\/div><div id=\"div_block-752-416-3\" class=\"ct-div-block row-sb\" data-id=\"div_block-752-416\"><div id=\"div_block-753-416-3\" class=\"ct-div-block section__text\" data-id=\"div_block-753-416\"><div id=\"text_block-754-416-3\" class=\"ct-text-block title center\" data-id=\"text_block-754-416\"><span id=\"span-755-416\" class=\"ct-span\" >Dziki wodospad<\/span><br><\/div><div id=\"text_block-756-416-3\" class=\"ct-text-block text m-t-2 center\" data-id=\"text_block-756-416\"><span id=\"span-757-416\" class=\"ct-span\" >Zakl\u0119ty w niezwyk\u0142\u0105 aur\u0119 magii i romantyzmu, ten malowniczy zak\u0105tek w Karpaczu urzeka swoim urokiem. Pochodzenie kaskady wi\u0105\u017ce si\u0119 z procesem gromadzenia w\u00f3d rzeki \u0141omnicy, kt\u00f3rej pocz\u0105tek znajduje si\u0119 na wysoko\u015bci 1407 metr\u00f3w nad poziomem morza, p\u0142yn\u0105cej z Wielkiego Stawu i Ma\u0142ego Stawu. <\/span><br><\/div><\/div><div id=\"div_block-758-416-3\" class=\"ct-div-block section__image\" data-id=\"div_block-758-416\"><img decoding=\"async\" id=\"image-759-416-3\" alt=\"\" src=\"https:\/\/wilczaforrest.pl\/wp-content\/uploads\/2023\/12\/15-22-18-3467.webp\" class=\"ct-image cover-image\" data-id=\"image-759-416\"><\/div><\/div><div id=\"div_block-752-416-4\" class=\"ct-div-block row-sb\" data-id=\"div_block-752-416\"><div id=\"div_block-753-416-4\" class=\"ct-div-block section__text\" data-id=\"div_block-753-416\"><div id=\"text_block-754-416-4\" class=\"ct-text-block title center\" data-id=\"text_block-754-416\"><span id=\"span-755-416\" class=\"ct-span\" >\u015anie\u017cka<\/span><br><\/div><div id=\"text_block-756-416-4\" class=\"ct-text-block text m-t-2 center\" data-id=\"text_block-756-416\"><span id=\"span-757-416\" class=\"ct-span\" >\u015anie\u017cka, wznosz\u0105ca si\u0119 na wysoko\u015b\u0107 1602 metr\u00f3w nad poziomem morza, jest nie tylko najwy\u017cszym, ale tak\u017ce jednym z najbardziej rozpoznawalnych wierzcho\u0142k\u00f3w Karkonoszy. Jej wyj\u0105tkowo\u015b\u0107 podkre\u015blaj\u0105 dodatkowo zlokalizowane tam kaplica \u015bw. Wawrzy\u0144ca i obserwatorium meteorologiczne, kt\u00f3re przyczyni\u0142y si\u0119 do rosn\u0105cej s\u0142awy tego szczytu na granicy polsko-czeskiej.<\/span><br><\/div><\/div><div id=\"div_block-758-416-4\" class=\"ct-div-block section__image\" data-id=\"div_block-758-416\"><img decoding=\"async\" id=\"image-759-416-4\" alt=\"\" src=\"https:\/\/wilczaforrest.pl\/wp-content\/uploads\/2023\/12\/nr-2_2.jpg\" class=\"ct-image cover-image\" data-id=\"image-759-416\"><\/div><\/div><div id=\"div_block-752-416-5\" class=\"ct-div-block row-sb\" data-id=\"div_block-752-416\"><div id=\"div_block-753-416-5\" class=\"ct-div-block section__text\" data-id=\"div_block-753-416\"><div id=\"text_block-754-416-5\" class=\"ct-text-block title center\" data-id=\"text_block-754-416\"><span id=\"span-755-416\" class=\"ct-span\" >Pielgrzymy<\/span><br><\/div><div id=\"text_block-756-416-5\" class=\"ct-text-block text m-t-2 center\" data-id=\"text_block-756-416\"><span id=\"span-757-416\" class=\"ct-span\" >Grupa ska\u0142 o imponuj\u0105cej wysoko\u015bci dochodz\u0105cej do 25 metr\u00f3w, kt\u00f3ra zosta\u0142a ukszta\u0142towana przez tysi\u0105clecia dzia\u0142ania proces\u00f3w geomorfologicznych, w tym r\u00f3\u017cnych rodzaj\u00f3w erozji. Patrz\u0105c z odpowiedniej perspektywy, ich forma rzeczywi\u015bcie mo\u017ce przywodzi\u0107 na my\u015bl grup\u0119 pielgrzym\u00f3w podczas w\u0119dr\u00f3wki.<\/span><br><\/div><\/div><div id=\"div_block-758-416-5\" class=\"ct-div-block section__image\" data-id=\"div_block-758-416\"><img decoding=\"async\" id=\"image-759-416-5\" alt=\"\" src=\"https:\/\/wilczaforrest.pl\/wp-content\/uploads\/2023\/12\/15-12-32-4994.webp\" class=\"ct-image cover-image\" data-id=\"image-759-416\"><\/div><\/div><div id=\"div_block-752-416-6\" class=\"ct-div-block row-sb\" data-id=\"div_block-752-416\"><div id=\"div_block-753-416-6\" class=\"ct-div-block section__text\" data-id=\"div_block-753-416\"><div id=\"text_block-754-416-6\" class=\"ct-text-block title center\" data-id=\"text_block-754-416\"><span id=\"span-755-416\" class=\"ct-span\" >Szlaki turystyczne na \u015anie\u017ck\u0119<\/span><br><\/div><div id=\"text_block-756-416-6\" class=\"ct-text-block text m-t-2 center\" data-id=\"text_block-756-416\"><span id=\"span-757-416\" class=\"ct-span\" >\u015anie\u017cka, b\u0119d\u0105ca najwy\u017cszym szczytem Karkonoszy, oferuje wspania\u0142e widoki i jest celem wielu pieszych wycieczek. Szlaki o r\u00f3\u017cnym stopniu trudno\u015bci pozwalaj\u0105 na dostosowanie wycieczki do indywidualnych preferencji.<\/span><br><\/div><\/div><div id=\"div_block-758-416-6\" class=\"ct-div-block section__image\" data-id=\"div_block-758-416\"><img decoding=\"async\" id=\"image-759-416-6\" alt=\"\" src=\"https:\/\/wilczaforrest.pl\/wp-content\/uploads\/2023\/12\/17-15-49-4882.webp\" class=\"ct-image cover-image\" data-id=\"image-759-416\"><\/div><\/div><\/div>\n<\/div><\/div><\/section>","protected":false},"excerpt":{"rendered":"","protected":false},"author":3,"featured_media":0,"parent":0,"menu_order":0,"comment_status":"closed","ping_status":"closed","template":"","meta":{"_acf_changed":false,"footnotes":""},"class_list":["post-416","page","type-page","status-publish","hentry"],"acf":[],"yoast_head":"<!-- This site is optimized with the Yoast SEO plugin v25.0 - https:\/\/yoast.com\/wordpress\/plugins\/seo\/ -->\n<title>Karpacz - WilczaForRest - Apartamenty w Karpaczu<\/title>\n<meta name=\"description\" content=\"wilcza for\/rest to dwa nowoczesne obiekty znajduj\u0105ce si\u0119 w najwy\u017cej po\u0142o\u017conej dzielnicy Karpacza \u2013 Wilczej Por\u0119bie. Kameralna okolica, z dala od g\u0142\u00f3wnych ulic, daje mo\u017cliwo\u015b\u0107 wypoczynku i wyciszenia.\" \/>\n<meta name=\"robots\" content=\"index, follow, max-snippet:-1, max-image-preview:large, max-video-preview:-1\" \/>\n<link rel=\"canonical\" href=\"https:\/\/wilczaforrest.pl\/en\/karpacz\/\" \/>\n<meta property=\"og:locale\" content=\"en_GB\" \/>\n<meta property=\"og:type\" content=\"article\" \/>\n<meta property=\"og:title\" content=\"Karpacz - WilczaForRest - Apartamenty w Karpaczu\" \/>\n<meta property=\"og:description\" content=\"wilcza for\/rest to dwa nowoczesne obiekty znajduj\u0105ce si\u0119 w najwy\u017cej po\u0142o\u017conej dzielnicy Karpacza \u2013 Wilczej Por\u0119bie. Kameralna okolica, z dala od g\u0142\u00f3wnych ulic, daje mo\u017cliwo\u015b\u0107 wypoczynku i wyciszenia.\" \/>\n<meta property=\"og:url\" content=\"https:\/\/wilczaforrest.pl\/en\/karpacz\/\" \/>\n<meta property=\"og:site_name\" content=\"WilczaForRest\" \/>\n<meta property=\"article:modified_time\" content=\"2023-12-20T09:19:10+00:00\" \/>\n<meta name=\"twitter:card\" content=\"summary_large_image\" \/>\n<meta name=\"twitter:label1\" content=\"Estimated reading time\" \/>\n\t<meta name=\"twitter:data1\" content=\"3 minutes\" \/>\n<script type=\"application\/ld+json\" class=\"yoast-schema-graph\">{\"@context\":\"https:\/\/schema.org\",\"@graph\":[{\"@type\":\"WebPage\",\"@id\":\"https:\/\/wilczaforrest.pl\/karpacz\/\",\"url\":\"https:\/\/wilczaforrest.pl\/karpacz\/\",\"name\":\"Karpacz - WilczaForRest - Apartamenty w Karpaczu\",\"isPartOf\":{\"@id\":\"https:\/\/wilczaforrest.pl\/#website\"},\"datePublished\":\"2022-02-02T09:36:34+00:00\",\"dateModified\":\"2023-12-20T09:19:10+00:00\",\"description\":\"wilcza for\/rest to dwa nowoczesne obiekty znajduj\u0105ce si\u0119 w najwy\u017cej po\u0142o\u017conej dzielnicy Karpacza \u2013 Wilczej Por\u0119bie. Kameralna okolica, z dala od g\u0142\u00f3wnych ulic, daje mo\u017cliwo\u015b\u0107 wypoczynku i wyciszenia.\",\"breadcrumb\":{\"@id\":\"https:\/\/wilczaforrest.pl\/karpacz\/#breadcrumb\"},\"inLanguage\":\"en-GB\",\"potentialAction\":[{\"@type\":\"ReadAction\",\"target\":[\"https:\/\/wilczaforrest.pl\/karpacz\/\"]}]},{\"@type\":\"BreadcrumbList\",\"@id\":\"https:\/\/wilczaforrest.pl\/karpacz\/#breadcrumb\",\"itemListElement\":[{\"@type\":\"ListItem\",\"position\":1,\"name\":\"Strona g\u0142\u00f3wna\",\"item\":\"https:\/\/wilczaforrest.pl\/\"},{\"@type\":\"ListItem\",\"position\":2,\"name\":\"Karpacz\"}]},{\"@type\":\"WebSite\",\"@id\":\"https:\/\/wilczaforrest.pl\/#website\",\"url\":\"https:\/\/wilczaforrest.pl\/\",\"name\":\"WilczaForRest\",\"description\":\"Apartamenty w Karpaczu\",\"publisher\":{\"@id\":\"https:\/\/wilczaforrest.pl\/#organization\"},\"potentialAction\":[{\"@type\":\"SearchAction\",\"target\":{\"@type\":\"EntryPoint\",\"urlTemplate\":\"https:\/\/wilczaforrest.pl\/?s={search_term_string}\"},\"query-input\":{\"@type\":\"PropertyValueSpecification\",\"valueRequired\":true,\"valueName\":\"search_term_string\"}}],\"inLanguage\":\"en-GB\"},{\"@type\":\"Organization\",\"@id\":\"https:\/\/wilczaforrest.pl\/#organization\",\"name\":\"WilczaForRest\",\"url\":\"https:\/\/wilczaforrest.pl\/\",\"logo\":{\"@type\":\"ImageObject\",\"inLanguage\":\"en-GB\",\"@id\":\"https:\/\/wilczaforrest.pl\/#\/schema\/logo\/image\/\",\"url\":\"https:\/\/wilczaforrest.pl\/wp-content\/uploads\/2023\/12\/WILCZA_logo_tlo-03-removebg-preview.png\",\"contentUrl\":\"https:\/\/wilczaforrest.pl\/wp-content\/uploads\/2023\/12\/WILCZA_logo_tlo-03-removebg-preview.png\",\"width\":500,\"height\":500,\"caption\":\"WilczaForRest\"},\"image\":{\"@id\":\"https:\/\/wilczaforrest.pl\/#\/schema\/logo\/image\/\"}}]}<\/script>\n<!-- \/ Yoast SEO plugin. -->","yoast_head_json":{"title":"Karpacz - WilczaForRest - Apartamenty w Karpaczu","description":"wilcza for\/rest to dwa nowoczesne obiekty znajduj\u0105ce si\u0119 w najwy\u017cej po\u0142o\u017conej dzielnicy Karpacza \u2013 Wilczej Por\u0119bie. Kameralna okolica, z dala od g\u0142\u00f3wnych ulic, daje mo\u017cliwo\u015b\u0107 wypoczynku i wyciszenia.","robots":{"index":"index","follow":"follow","max-snippet":"max-snippet:-1","max-image-preview":"max-image-preview:large","max-video-preview":"max-video-preview:-1"},"canonical":"https:\/\/wilczaforrest.pl\/en\/karpacz\/","og_locale":"en_GB","og_type":"article","og_title":"Karpacz - WilczaForRest - Apartamenty w Karpaczu","og_description":"wilcza for\/rest to dwa nowoczesne obiekty znajduj\u0105ce si\u0119 w najwy\u017cej po\u0142o\u017conej dzielnicy Karpacza \u2013 Wilczej Por\u0119bie. Kameralna okolica, z dala od g\u0142\u00f3wnych ulic, daje mo\u017cliwo\u015b\u0107 wypoczynku i wyciszenia.","og_url":"https:\/\/wilczaforrest.pl\/en\/karpacz\/","og_site_name":"WilczaForRest","article_modified_time":"2023-12-20T09:19:10+00:00","twitter_card":"summary_large_image","twitter_misc":{"Estimated reading time":"3 minutes"},"schema":{"@context":"https:\/\/schema.org","@graph":[{"@type":"WebPage","@id":"https:\/\/wilczaforrest.pl\/karpacz\/","url":"https:\/\/wilczaforrest.pl\/karpacz\/","name":"Karpacz - WilczaForRest - Apartamenty w Karpaczu","isPartOf":{"@id":"https:\/\/wilczaforrest.pl\/#website"},"datePublished":"2022-02-02T09:36:34+00:00","dateModified":"2023-12-20T09:19:10+00:00","description":"wilcza for\/rest to dwa nowoczesne obiekty znajduj\u0105ce si\u0119 w najwy\u017cej po\u0142o\u017conej dzielnicy Karpacza \u2013 Wilczej Por\u0119bie. Kameralna okolica, z dala od g\u0142\u00f3wnych ulic, daje mo\u017cliwo\u015b\u0107 wypoczynku i wyciszenia.","breadcrumb":{"@id":"https:\/\/wilczaforrest.pl\/karpacz\/#breadcrumb"},"inLanguage":"en-GB","potentialAction":[{"@type":"ReadAction","target":["https:\/\/wilczaforrest.pl\/karpacz\/"]}]},{"@type":"BreadcrumbList","@id":"https:\/\/wilczaforrest.pl\/karpacz\/#breadcrumb","itemListElement":[{"@type":"ListItem","position":1,"name":"Strona g\u0142\u00f3wna","item":"https:\/\/wilczaforrest.pl\/"},{"@type":"ListItem","position":2,"name":"Karpacz"}]},{"@type":"WebSite","@id":"https:\/\/wilczaforrest.pl\/#website","url":"https:\/\/wilczaforrest.pl\/","name":"WilczaForRest","description":"Apartamenty w Karpaczu","publisher":{"@id":"https:\/\/wilczaforrest.pl\/#organization"},"potentialAction":[{"@type":"SearchAction","target":{"@type":"EntryPoint","urlTemplate":"https:\/\/wilczaforrest.pl\/?s={search_term_string}"},"query-input":{"@type":"PropertyValueSpecification","valueRequired":true,"valueName":"search_term_string"}}],"inLanguage":"en-GB"},{"@type":"Organization","@id":"https:\/\/wilczaforrest.pl\/#organization","name":"WilczaForRest","url":"https:\/\/wilczaforrest.pl\/","logo":{"@type":"ImageObject","inLanguage":"en-GB","@id":"https:\/\/wilczaforrest.pl\/#\/schema\/logo\/image\/","url":"https:\/\/wilczaforrest.pl\/wp-content\/uploads\/2023\/12\/WILCZA_logo_tlo-03-removebg-preview.png","contentUrl":"https:\/\/wilczaforrest.pl\/wp-content\/uploads\/2023\/12\/WILCZA_logo_tlo-03-removebg-preview.png","width":500,"height":500,"caption":"WilczaForRest"},"image":{"@id":"https:\/\/wilczaforrest.pl\/#\/schema\/logo\/image\/"}}]}},"_links":{"self":[{"href":"https:\/\/wilczaforrest.pl\/en\/wp-json\/wp\/v2\/pages\/416","targetHints":{"allow":["GET"]}}],"collection":[{"href":"https:\/\/wilczaforrest.pl\/en\/wp-json\/wp\/v2\/pages"}],"about":[{"href":"https:\/\/wilczaforrest.pl\/en\/wp-json\/wp\/v2\/types\/page"}],"author":[{"embeddable":true,"href":"https:\/\/wilczaforrest.pl\/en\/wp-json\/wp\/v2\/users\/3"}],"replies":[{"embeddable":true,"href":"https:\/\/wilczaforrest.pl\/en\/wp-json\/wp\/v2\/comments?post=416"}],"version-history":[{"count":53,"href":"https:\/\/wilczaforrest.pl\/en\/wp-json\/wp\/v2\/pages\/416\/revisions"}],"predecessor-version":[{"id":1371,"href":"https:\/\/wilczaforrest.pl\/en\/wp-json\/wp\/v2\/pages\/416\/revisions\/1371"}],"wp:attachment":[{"href":"https:\/\/wilczaforrest.pl\/en\/wp-json\/wp\/v2\/media?parent=416"}],"curies":[{"name":"wp","href":"https:\/\/api.w.org\/{rel}","templated":true}]}}